{"id":112,"date":"2023-07-16T23:03:47","date_gmt":"2023-07-16T23:03:47","guid":{"rendered":"https:\/\/ing-ambiental.com.ar\/web\/?page_id=112"},"modified":"2023-07-18T15:09:32","modified_gmt":"2023-07-18T15:09:32","slug":"empresa","status":"publish","type":"page","link":"https:\/\/ing-ambiental.com.ar\/web\/index.php\/empresa\/","title":{"rendered":"Empresa"},"content":{"rendered":"<p>[et_pb_section fb_built=\u00bb1&#8243; _builder_version=\u00bb4.21.0&#8243; _module_preset=\u00bbdefault\u00bb background_color=\u00bbrgba(0,0,0,0.61)\u00bb background_image=\u00bbhttps:\/\/ing-ambiental.com.ar\/web\/wp-content\/uploads\/fondo-02.jpg\u00bb background_position=\u00bbcenter_right\u00bb background_blend=\u00bbmultiply\u00bb custom_padding=\u00bb80px||80px||true|false\u00bb hover_enabled=\u00bb0&#8243; global_colors_info=\u00bb{}\u00bb custom_padding_last_edited=\u00bbon|phone\u00bb custom_padding_phone=\u00bb30px||30px||true|false\u00bb sticky_enabled=\u00bb0&#8243; custom_padding_tablet=\u00bb80px||80px||true|false\u00bb][et_pb_row _builder_version=\u00bb4.21.0&#8243; _module_preset=\u00bbdefault\u00bb width=\u00bb90%\u00bb max_width=\u00bb100%\u00bb global_colors_info=\u00bb{}\u00bb][et_pb_column type=\u00bb4_4&#8243; _builder_version=\u00bb4.21.0&#8243; _module_preset=\u00bbdefault\u00bb global_colors_info=\u00bb{}\u00bb][et_pb_text _builder_version=\u00bb4.21.0&#8243; _module_preset=\u00bbdefault\u00bb text_font=\u00bbOpen Sans|700||on|||||\u00bb text_text_color=\u00bb#FFFFFF\u00bb text_font_size=\u00bb40px\u00bb text_line_height=\u00bb26px\u00bb text_orientation=\u00bbcenter\u00bb custom_margin=\u00bb||||false|false\u00bb custom_padding=\u00bb10px||10px||true|false\u00bb hover_enabled=\u00bb0&#8243; border_color_left=\u00bbgcid-267b6e70-fe52-4b46-9d3a-15c6de67d3d9&#8243; global_colors_info=\u00bb{%22gcid-267b6e70-fe52-4b46-9d3a-15c6de67d3d9%22:%91%22border_color_left%22%93}\u00bb sticky_enabled=\u00bb0&#8243; text_font_size_last_edited=\u00bbon|phone\u00bb text_font_size_phone=\u00bb32px\u00bb text_font_size_tablet=\u00bb40px\u00bb]<\/p>\n<p>Nosotros<\/p>\n<p>[\/et_pb_text][\/et_pb_column][\/et_pb_row][\/et_pb_section][et_pb_section fb_built=\u00bb1&#8243; _builder_version=\u00bb4.21.0&#8243; _module_preset=\u00bbdefault\u00bb background_enable_color=\u00bboff\u00bb custom_margin=\u00bb||||false|false\u00bb global_colors_info=\u00bb{}\u00bb][et_pb_row column_structure=\u00bb1_2,1_2&#8243; _builder_version=\u00bb4.21.0&#8243; _module_preset=\u00bbdefault\u00bb width=\u00bb85%\u00bb max_width=\u00bb100%\u00bb custom_padding=\u00bb0px||0px||true|false\u00bb global_colors_info=\u00bb{}\u00bb][et_pb_column type=\u00bb1_2&#8243; _builder_version=\u00bb4.21.0&#8243; _module_preset=\u00bbdefault\u00bb global_colors_info=\u00bb{}\u00bb][et_pb_text _builder_version=\u00bb4.21.0&#8243; _module_preset=\u00bbdefault\u00bb text_font=\u00bbOpen Sans|700|||||||\u00bb text_text_color=\u00bb#000000&#8243; text_font_size=\u00bb35px\u00bb text_line_height=\u00bb26px\u00bb custom_margin=\u00bb||20px||false|false\u00bb custom_padding=\u00bb10px||10px|20px|true|false\u00bb border_width_left=\u00bb5px\u00bb border_color_left=\u00bbgcid-267b6e70-fe52-4b46-9d3a-15c6de67d3d9&#8243; global_colors_info=\u00bb{%22gcid-267b6e70-fe52-4b46-9d3a-15c6de67d3d9%22:%91%22border_color_left%22,%22border_color_left%22%93}\u00bb text_font_size_phone=\u00bb30px\u00bb text_font_size_last_edited=\u00bbon|phone\u00bb text_line_height_phone=\u00bb40px\u00bb text_line_height_last_edited=\u00bbon|phone\u00bb custom_padding_phone=\u00bb5px||5px|20px|true|false\u00bb custom_padding_last_edited=\u00bbon|phone\u00bb hover_enabled=\u00bb0&#8243; sticky_enabled=\u00bb0&#8243; text_font_size_tablet=\u00bb35px\u00bb text_line_height_tablet=\u00bb26px\u00bb custom_padding_tablet=\u00bb10px||10px|20px|true|false\u00bb]<\/p>\n<p>Empresa<\/p>\n<p>[\/et_pb_text][et_pb_text _builder_version=\u00bb4.21.0&#8243; _module_preset=\u00bbdefault\u00bb text_font=\u00bbOpen Sans|700|||||||\u00bb text_text_color=\u00bb#000000&#8243; text_font_size=\u00bb16px\u00bb text_line_height=\u00bb26px\u00bb custom_margin=\u00bb40px||20px||false|false\u00bb hover_enabled=\u00bb0&#8243; global_colors_info=\u00bb{}\u00bb custom_margin_last_edited=\u00bbon|phone\u00bb custom_margin_phone=\u00bb20px||20px||false|false\u00bb sticky_enabled=\u00bb0&#8243; custom_margin_tablet=\u00bb40px||20px||false|false\u00bb]<\/p>\n<p>Ingenier\u00eda Ambiental S.A. es una empresa con m\u00e1s de 15 a\u00f1os de experiencia en el mercado, formada por j\u00f3venes profesionales altamente capacitados y tendientes a resolver y brindar nuestros servicios bajo tres premisas: Calidad, Tiempo y Costo, procurando juntos la mejor combinaci\u00f3n.<\/p>\n<p>[\/et_pb_text][et_pb_text _builder_version=\u00bb4.21.0&#8243; _module_preset=\u00bbdefault\u00bb text_font=\u00bbOpen Sans||||||||\u00bb text_text_color=\u00bb#000000&#8243; text_font_size=\u00bb16px\u00bb text_line_height=\u00bb26px\u00bb custom_margin=\u00bb30px||||false|false\u00bb hover_enabled=\u00bb0&#8243; global_colors_info=\u00bb{}\u00bb custom_margin_last_edited=\u00bbon|phone\u00bb custom_margin_phone=\u00bb30px||0px||false|false\u00bb sticky_enabled=\u00bb0&#8243; custom_margin_tablet=\u00bb30px||||false|false\u00bb]<\/p>\n<p>Desde sus comienzos Ingenier\u00eda Ambiental S.A. se ha propuesto como uno de sus principales objetivos preservar y proteger el medio ambiente, contando para nuestros clientes, con excelencia en pol\u00edticas organizativas, reducci\u00f3n en los tiempos, y costos operativos absolutamente posibles para sus empresas.<\/p>\n<p>[\/et_pb_text][\/et_pb_column][et_pb_column type=\u00bb1_2&#8243; _builder_version=\u00bb4.21.0&#8243; _module_preset=\u00bbdefault\u00bb global_colors_info=\u00bb{}\u00bb][et_pb_text _builder_version=\u00bb4.21.0&#8243; _module_preset=\u00bbdefault\u00bb text_font=\u00bbOpen Sans|500|||||||\u00bb text_text_color=\u00bb#000000&#8243; text_font_size=\u00bb16px\u00bb text_line_height=\u00bb26px\u00bb position_origin_a=\u00bbtop_right\u00bb width=\u00bb100%\u00bb custom_margin=\u00bb40px||||false|false\u00bb hover_enabled=\u00bb0&#8243; global_colors_info=\u00bb{}\u00bb custom_margin_last_edited=\u00bbon|phone\u00bb custom_margin_phone=\u00bb0px||||false|false\u00bb sticky_enabled=\u00bb0&#8243; custom_margin_tablet=\u00bb40px||||false|false\u00bb]<\/p>\n<p>Ingenier\u00eda Ambiental S.A. se encuentra habilitada como Transportista y Operador de Residuos peligrosos, tanto en Provincia como en Naci\u00f3n, contando en su Planta Central, ubicada en San Francisco Solano, Partido de Quilmes, con tecnolog\u00eda de ultima generaci\u00f3n, para efectuar el correcto proceso de regeneraci\u00f3n en el caso de Hidrocarburos (ajustado a lo exigido por resoluci\u00f3n 248\/10 de OPDS) y tratamiento en el caso de los Residuos S\u00f3lidos para su posterior disposici\u00f3n final; emitiendo Manifiestos de transporte (tanto de Provincia como de Naci\u00f3n) y una vez cumplimentado el tratamiento correspondiente y necesario para cada residuo, se hace entrega del Certificado de Operaci\u00f3n de Residuos, exigido por Secretaria de Pol\u00edtica Ambiental de la Provincia de Buenos Aires (ley 11.720), como as\u00ed tambi\u00e9n por la Secretaria de Ambiente y Desarrollo Sustentable de la Naci\u00f3n (ley 24.051)<\/p>\n<p>[\/et_pb_text][\/et_pb_column][\/et_pb_row][et_pb_row _builder_version=\u00bb4.21.0&#8243; _module_preset=\u00bbdefault\u00bb background_color=\u00bbrgba(1,137,35,0.22)\u00bb width=\u00bb85%\u00bb max_width=\u00bb100%\u00bb custom_margin=\u00bb60px||20px||false|false\u00bb custom_padding=\u00bb30px|30px|20px|30px|false|true\u00bb hover_enabled=\u00bb0&#8243; global_colors_info=\u00bb{}\u00bb custom_margin_last_edited=\u00bbon|phone\u00bb custom_margin_phone=\u00bb30px||0px||false|false\u00bb sticky_enabled=\u00bb0&#8243; custom_margin_tablet=\u00bb60px||20px||false|false\u00bb][et_pb_column type=\u00bb4_4&#8243; _builder_version=\u00bb4.21.0&#8243; _module_preset=\u00bbdefault\u00bb global_colors_info=\u00bb{}\u00bb][et_pb_text _builder_version=\u00bb4.21.0&#8243; _module_preset=\u00bbdefault\u00bb text_font=\u00bbOpen Sans|700|||||||\u00bb text_text_color=\u00bb#000000&#8243; text_font_size=\u00bb16px\u00bb text_line_height=\u00bb26px\u00bb custom_margin=\u00bb||20px||false|false\u00bb global_colors_info=\u00bb{}\u00bb]<\/p>\n<p>NUESTRAS SOLUCIONES SON PRECISAS, CLARAS, CONCRETAS Y DIN\u00c1MICAS, ACOMPA\u00d1ADAS DE UN FUERTE COMPROMISO EN LA EFECTIVIDAD DE LOS SERVICIOS QUE NOS SOLICITAN NUESTROS CLIENTES.<\/p>\n<p>[\/et_pb_text][et_pb_text _builder_version=\u00bb4.21.0&#8243; _module_preset=\u00bbdefault\u00bb text_font=\u00bbOpen Sans||||||||\u00bb text_text_color=\u00bb#000000&#8243; text_font_size=\u00bb16px\u00bb text_line_height=\u00bb26px\u00bb global_colors_info=\u00bb{}\u00bb]<\/p>\n<p>No dude en consultarnos, queremos escuchar sus inquietudes para ayudarlo a determinar claramente la oportunidad de prestaci\u00f3n del servicio desde Ingenier\u00eda Ambiental S.A.; esto no tiene costo, pero es una gran primera inversi\u00f3n para generar un cambio.<\/p>\n<p>[\/et_pb_text][\/et_pb_column][\/et_pb_row][\/et_pb_section][et_pb_section fb_built=\u00bb1&#8243; _builder_version=\u00bb4.21.0&#8243; _module_preset=\u00bbdefault\u00bb custom_padding=\u00bb0px||0px||true|false\u00bb global_colors_info=\u00bb{}\u00bb][et_pb_row use_custom_gutter=\u00bbon\u00bb gutter_width=\u00bb1&#8243; make_equal=\u00bbon\u00bb _builder_version=\u00bb4.21.0&#8243; _module_preset=\u00bbdefault\u00bb width=\u00bb100%\u00bb max_width=\u00bb100%\u00bb custom_margin=\u00bb0px||0px||true|false\u00bb custom_padding=\u00bb0px||0px||true|false\u00bb hover_enabled=\u00bb0&#8243; global_colors_info=\u00bb{}\u00bb sticky_enabled=\u00bb0&#8243;][et_pb_column type=\u00bb4_4&#8243; _builder_version=\u00bb4.21.0&#8243; _module_preset=\u00bbdefault\u00bb global_colors_info=\u00bb{}\u00bb][et_pb_gallery gallery_ids=\u00bb133,134,135,136,137,138,139,140,141,142,143,144&#8243; posts_number=\u00bb12&#8243; show_title_and_caption=\u00bboff\u00bb show_pagination=\u00bboff\u00bb zoom_icon_color=\u00bb#FFFFFF\u00bb hover_overlay_color=\u00bbrgba(0,0,0,0.65)\u00bb hover_icon=\u00bb&#xf002;||fa||900&#8243; _builder_version=\u00bb4.21.0&#8243; _module_preset=\u00bbdefault\u00bb hover_enabled=\u00bb0&#8243; global_colors_info=\u00bb{}\u00bb sticky_enabled=\u00bb0&#8243;][\/et_pb_gallery][\/et_pb_column][\/et_pb_row][\/et_pb_section]<\/p>\n","protected":false},"excerpt":{"rendered":"<p>NosotrosEmpresaIngenier\u00eda Ambiental S.A. es una empresa con m\u00e1s de 15 a\u00f1os de experiencia en el mercado, formada por j\u00f3venes profesionales altamente capacitados y tendientes a resolver y brindar nuestros servicios bajo tres premisas: Calidad, Tiempo y Costo, procurando juntos la mejor combinaci\u00f3n.Desde sus comienzos Ingenier\u00eda Ambiental S.A. se ha propuesto como uno de sus principales [&hellip;]<\/p>\n","protected":false},"author":2,"featured_media":0,"parent":0,"menu_order":0,"comment_status":"closed","ping_status":"closed","template":"","meta":{"_et_pb_use_builder":"on","_et_pb_old_content":"","_et_gb_content_width":"","footnotes":""},"_links":{"self":[{"href":"https:\/\/ing-ambiental.com.ar\/web\/index.php\/wp-json\/wp\/v2\/pages\/112"}],"collection":[{"href":"https:\/\/ing-ambiental.com.ar\/web\/index.php\/wp-json\/wp\/v2\/pages"}],"about":[{"href":"https:\/\/ing-ambiental.com.ar\/web\/index.php\/wp-json\/wp\/v2\/types\/page"}],"author":[{"embeddable":true,"href":"https:\/\/ing-ambiental.com.ar\/web\/index.php\/wp-json\/wp\/v2\/users\/2"}],"replies":[{"embeddable":true,"href":"https:\/\/ing-ambiental.com.ar\/web\/index.php\/wp-json\/wp\/v2\/comments?post=112"}],"version-history":[{"count":17,"href":"https:\/\/ing-ambiental.com.ar\/web\/index.php\/wp-json\/wp\/v2\/pages\/112\/revisions"}],"predecessor-version":[{"id":207,"href":"https:\/\/ing-ambiental.com.ar\/web\/index.php\/wp-json\/wp\/v2\/pages\/112\/revisions\/207"}],"wp:attachment":[{"href":"https:\/\/ing-ambiental.com.ar\/web\/index.php\/wp-json\/wp\/v2\/media?parent=112"}],"curies":[{"name":"wp","href":"https:\/\/api.w.org\/{rel}","templated":true}]}}