{"id":241,"date":"2023-07-18T23:10:14","date_gmt":"2023-07-18T23:10:14","guid":{"rendered":"https:\/\/ing-ambiental.com.ar\/web\/?page_id=241"},"modified":"2023-07-21T14:54:15","modified_gmt":"2023-07-21T14:54:15","slug":"servicios","status":"publish","type":"page","link":"https:\/\/ing-ambiental.com.ar\/web\/index.php\/servicios\/","title":{"rendered":"Servicios"},"content":{"rendered":"<p>[et_pb_section fb_built=\u00bb1&#8243; custom_padding_last_edited=\u00bbon|phone\u00bb _builder_version=\u00bb4.21.0&#8243; _module_preset=\u00bbdefault\u00bb background_color=\u00bbrgba(0,0,0,0.61)\u00bb background_image=\u00bbhttps:\/\/ing-ambiental.com.ar\/web\/wp-content\/uploads\/fondo-05.jpg\u00bb background_blend=\u00bbmultiply\u00bb custom_padding=\u00bb80px||80px||true|false\u00bb custom_padding_tablet=\u00bb80px||80px||true|false\u00bb custom_padding_phone=\u00bb30px||30px||true|false\u00bb global_colors_info=\u00bb{}\u00bb][et_pb_row _builder_version=\u00bb4.21.0&#8243; _module_preset=\u00bbdefault\u00bb width=\u00bb90%\u00bb max_width=\u00bb100%\u00bb global_colors_info=\u00bb{}\u00bb][et_pb_column type=\u00bb4_4&#8243; _builder_version=\u00bb4.21.0&#8243; _module_preset=\u00bbdefault\u00bb global_colors_info=\u00bb{}\u00bb][et_pb_text _builder_version=\u00bb4.21.0&#8243; _module_preset=\u00bbdefault\u00bb text_font=\u00bbOpen Sans|700||on|||||\u00bb text_text_color=\u00bb#FFFFFF\u00bb text_font_size=\u00bb40px\u00bb text_line_height=\u00bb26px\u00bb text_orientation=\u00bbcenter\u00bb custom_margin=\u00bb||||false|false\u00bb custom_padding=\u00bb10px||10px||true|false\u00bb text_font_size_tablet=\u00bb40px\u00bb text_font_size_phone=\u00bb32px\u00bb text_font_size_last_edited=\u00bbon|phone\u00bb border_color_left=\u00bbgcid-267b6e70-fe52-4b46-9d3a-15c6de67d3d9&#8243; global_colors_info=\u00bb{%22gcid-267b6e70-fe52-4b46-9d3a-15c6de67d3d9%22:%91%22border_color_left%22%93}\u00bb]<\/p>\n<p>Servicios<\/p>\n<p>[\/et_pb_text][\/et_pb_column][\/et_pb_row][\/et_pb_section][et_pb_section fb_built=\u00bb1&#8243; module_id=\u00bbtratamiento\u00bb _builder_version=\u00bb4.21.0&#8243; _module_preset=\u00bbdefault\u00bb background_enable_color=\u00bboff\u00bb custom_margin=\u00bb||||false|false\u00bb global_colors_info=\u00bb{}\u00bb][et_pb_row _builder_version=\u00bb4.21.0&#8243; _module_preset=\u00bbdefault\u00bb width=\u00bb85%\u00bb max_width=\u00bb100%\u00bb custom_margin=\u00bb||20px||false|false\u00bb custom_padding=\u00bb0px||0px||true|false\u00bb hover_enabled=\u00bb0&#8243; global_colors_info=\u00bb{}\u00bb custom_margin_last_edited=\u00bbon|phone\u00bb custom_margin_phone=\u00bb||0px||false|false\u00bb sticky_enabled=\u00bb0&#8243; custom_margin_tablet=\u00bb||20px||false|false\u00bb][et_pb_column type=\u00bb4_4&#8243; _builder_version=\u00bb4.21.0&#8243; _module_preset=\u00bbdefault\u00bb global_colors_info=\u00bb{}\u00bb][et_pb_text _builder_version=\u00bb4.21.0&#8243; _module_preset=\u00bbdefault\u00bb text_font=\u00bbOpen Sans|700|||||||\u00bb text_text_color=\u00bb#000000&#8243; text_font_size=\u00bb35px\u00bb text_line_height=\u00bb26px\u00bb custom_margin=\u00bb||20px||false|false\u00bb custom_padding=\u00bb10px||10px|20px|true|false\u00bb custom_padding_tablet=\u00bb10px||10px|20px|true|false\u00bb custom_padding_phone=\u00bb5px||5px|20px|true|false\u00bb custom_padding_last_edited=\u00bbon|phone\u00bb hover_enabled=\u00bb0&#8243; text_font_size_tablet=\u00bb35px\u00bb text_font_size_phone=\u00bb30px\u00bb text_font_size_last_edited=\u00bbon|phone\u00bb text_line_height_tablet=\u00bb26px\u00bb text_line_height_phone=\u00bb40px\u00bb text_line_height_last_edited=\u00bbon|phone\u00bb border_width_left=\u00bb5px\u00bb border_color_left=\u00bbgcid-267b6e70-fe52-4b46-9d3a-15c6de67d3d9&#8243; global_colors_info=\u00bb{%22gcid-267b6e70-fe52-4b46-9d3a-15c6de67d3d9%22:%91%22border_color_left%22,%22border_color_left%22%93}\u00bb custom_margin_last_edited=\u00bbon|phone\u00bb custom_margin_phone=\u00bb||10px||false|false\u00bb sticky_enabled=\u00bb0&#8243; custom_margin_tablet=\u00bb||20px||false|false\u00bb]<\/p>\n<p>Tratamiento<\/p>\n<p>[\/et_pb_text][\/et_pb_column][\/et_pb_row][et_pb_row column_structure=\u00bb1_2,1_2&#8243; _builder_version=\u00bb4.21.0&#8243; _module_preset=\u00bbdefault\u00bb width=\u00bb85%\u00bb max_width=\u00bb100%\u00bb custom_padding=\u00bb0px||0px||true|false\u00bb hover_enabled=\u00bb0&#8243; global_colors_info=\u00bb{}\u00bb custom_margin_last_edited=\u00bbon|phone\u00bb custom_margin_phone=\u00bb0px||||false|false\u00bb sticky_enabled=\u00bb0&#8243;][et_pb_column type=\u00bb1_2&#8243; _builder_version=\u00bb4.21.0&#8243; _module_preset=\u00bbdefault\u00bb global_colors_info=\u00bb{}\u00bb][et_pb_text _builder_version=\u00bb4.21.0&#8243; _module_preset=\u00bbdefault\u00bb text_font=\u00bbOpen Sans|700|||||||\u00bb text_text_color=\u00bb#000000&#8243; text_font_size=\u00bb16px\u00bb text_line_height=\u00bb26px\u00bb custom_margin=\u00bb0px||0px||true|false\u00bb custom_margin_tablet=\u00bb40px||20px||false|false\u00bb custom_margin_phone=\u00bb20px||20px||false|false\u00bb custom_margin_last_edited=\u00bbon|phone\u00bb global_colors_info=\u00bb{}\u00bb]<\/p>\n<p>Los procesos que se realizan en la planta de INGENIERIA AMBIENTAL S.A., tienden a la recuperaci\u00f3n de cortes de hidrocarburos obtenidos por destilaci\u00f3n al vac\u00edo de los aceites usados. Es decir se vuelven a valorizar dichos cortes, como aceites bases, aptos para la elaboraci\u00f3n de nuevos aceites lubricantes.<\/p>\n<p>[\/et_pb_text][et_pb_text _builder_version=\u00bb4.21.0&#8243; _module_preset=\u00bbdefault\u00bb text_font=\u00bbOpen Sans||||||||\u00bb text_text_color=\u00bb#000000&#8243; text_font_size=\u00bb16px\u00bb text_line_height=\u00bb26px\u00bb custom_margin=\u00bb30px||||false|false\u00bb custom_margin_tablet=\u00bb30px||||false|false\u00bb custom_margin_phone=\u00bb30px||0px||false|false\u00bb custom_margin_last_edited=\u00bbon|phone\u00bb global_colors_info=\u00bb{}\u00bb]<\/p>\n<p>Los aceites, al ser usados en los motores, solo sufren un proceso t\u00e9rmico en algunas partes de sus constituyentes, quedando el resto en condiciones de ser regenerado una vez eliminados dichos componentes indeseables, por lo que la destilaci\u00f3n al vac\u00edo, si bien consiste en un proceso conocido, constituye un avance tecnol\u00f3gico realizarlo con aceites usados.<\/p>\n<p>Los procesos de destilaci\u00f3n tipo \u201cflash\u201d y destilaci\u00f3n al vac\u00edo, son operaciones que permiten recuperar productos de excelente calidad, por cuanto en el fraccionamiento se obtienen los cortes dentro de rangos de temperatura limitados, la cual es controlada, evitando cualquier exceso t\u00e9rmico.<\/p>\n<p>Los cortes m\u00e1s livianos tienen uso como combustible de hornos y calderas industriales.<\/p>\n<p>[\/et_pb_text][\/et_pb_column][et_pb_column type=\u00bb1_2&#8243; _builder_version=\u00bb4.21.0&#8243; _module_preset=\u00bbdefault\u00bb global_colors_info=\u00bb{}\u00bb][et_pb_text _builder_version=\u00bb4.21.0&#8243; _module_preset=\u00bbdefault\u00bb text_font=\u00bbOpen Sans|500|||||||\u00bb text_text_color=\u00bb#000000&#8243; text_font_size=\u00bb16px\u00bb text_line_height=\u00bb26px\u00bb position_origin_a=\u00bbtop_right\u00bb width=\u00bb100%\u00bb custom_margin=\u00bb0px||20px||false|false\u00bb custom_margin_tablet=\u00bb40px||||false|false\u00bb custom_margin_phone=\u00bb0px||||false|false\u00bb custom_margin_last_edited=\u00bbon|phone\u00bb global_colors_info=\u00bb{}\u00bb]<\/p>\n<p>Con respecto a los aceites, los cortes que se obtienen son bases, que otras empresas formular\u00e1n de acuerdo a las distintas calidades de aceites lubricantes que requiere el mercado, es decir que no se expender\u00e1n a los consumidores, sino que ser\u00e1n materia prima para terceros.<\/p>\n<p>Este aprovechamiento de los aceites se enmarca en los fundamentos de un desarrollo sustentable, toda vez que sustituya a aceites v\u00edrgenes de petr\u00f3leo, un recurso no renovable.<\/p>\n<p>Respecto de los fondos de destilaci\u00f3n, se incorporan gradualmente para la formulaci\u00f3n de plastificantes para caucho, productos asf\u00e1lticos, etc .<\/p>\n<p>[\/et_pb_text][et_pb_text _builder_version=\u00bb4.21.0&#8243; _module_preset=\u00bbdefault\u00bb text_font=\u00bbOpen Sans|700|||||||\u00bb text_text_color=\u00bb#000000&#8243; text_font_size=\u00bb16px\u00bb text_line_height=\u00bb26px\u00bb background_color=\u00bbgcid-ca5e0769-9d88-4bf8-852d-8168a9c64fcc\u00bb custom_margin=\u00bb||20px||false|false\u00bb custom_padding=\u00bb20px|20px|20px|20px|true|true\u00bb global_colors_info=\u00bb{%22gcid-ca5e0769-9d88-4bf8-852d-8168a9c64fcc%22:%91%22background_color%22%93}\u00bb]<\/p>\n<p>LA EMPRESA CUMPLE CON LAS NORMATIVAS PROVINCIALES LEY 11720 Y NACIONALES LEY 24051 EN LA MATERIA, TANTO PARA LA PLANTA INDUSTRIAL, COMO PARA LOS TRANSPORTES PROPIOS, ASEGURANDO LA TRAZABILIDAD DE LOS ACEITES USADOS, ES DECIR DESDE SU GENERACI\u00d3N, TRANSPORTE Y RECUPERACI\u00d3N.<\/p>\n<p>[\/et_pb_text][\/et_pb_column][\/et_pb_row][\/et_pb_section][et_pb_section fb_built=\u00bb1&#8243; module_id=\u00bblaboratorio\u00bb _builder_version=\u00bb4.21.0&#8243; _module_preset=\u00bbdefault\u00bb background_color=\u00bbgcid-58f87214-b54c-47f6-bec9-e3566a96cae7&#8243; background_enable_video_mp4=\u00bboff\u00bb custom_margin=\u00bb||||false|false\u00bb custom_padding=\u00bb0px||0px||true|false\u00bb locked=\u00bboff\u00bb global_colors_info=\u00bb{%22gcid-58f87214-b54c-47f6-bec9-e3566a96cae7%22:%91%22background_color%22%93}\u00bb][et_pb_row column_structure=\u00bb1_2,1_2&#8243; use_custom_gutter=\u00bbon\u00bb gutter_width=\u00bb1&#8243; _builder_version=\u00bb4.21.0&#8243; _module_preset=\u00bbdefault\u00bb width=\u00bb100%\u00bb max_width=\u00bb100%\u00bb custom_padding=\u00bb0px||0px||false|false\u00bb custom_css_main_element=\u00bbdisplay: flex;||flex-wrap: wrap;\u00bb global_colors_info=\u00bb{}\u00bb][et_pb_column type=\u00bb1_2&#8243; _builder_version=\u00bb4.21.0&#8243; _module_preset=\u00bbdefault\u00bb background_image=\u00bbhttps:\/\/ing-ambiental.com.ar\/web\/wp-content\/uploads\/laboratorio.jpg\u00bb parallax=\u00bbon\u00bb background_enable_video_mp4=\u00bboff\u00bb custom_padding=\u00bb180px||180px||true|false\u00bb global_colors_info=\u00bb{}\u00bb][et_pb_divider _builder_version=\u00bb4.21.0&#8243; _module_preset=\u00bbdefault\u00bb disabled_on=\u00bboff|on|on\u00bb color=\u00bbRGBA(255,255,255,0)\u00bb hover_enabled=\u00bb0&#8243; sticky_enabled=\u00bb0&#8243;][\/et_pb_divider][\/et_pb_column][et_pb_column type=\u00bb1_2&#8243; _builder_version=\u00bb4.21.0&#8243; _module_preset=\u00bbdefault\u00bb custom_padding=\u00bb|10vh||10vh|false|false\u00bb custom_padding_tablet=\u00bb|10vh||10vh|false|false\u00bb custom_padding_phone=\u00bb5vh|5vh|5vh|5vh|true|true\u00bb custom_padding_last_edited=\u00bbon|phone\u00bb custom_css_main_element=\u00bbmargin: auto;\u00bb global_colors_info=\u00bb{}\u00bb][et_pb_text _builder_version=\u00bb4.21.0&#8243; _module_preset=\u00bbdefault\u00bb text_font=\u00bbOpen Sans|700|||||||\u00bb text_text_color=\u00bb#FFFFFF\u00bb text_font_size=\u00bb35px\u00bb text_line_height=\u00bb26px\u00bb custom_margin=\u00bb||20px||false|false\u00bb custom_padding=\u00bb7px||7px|20px|true|false\u00bb custom_padding_tablet=\u00bb10px||10px|20px|true|false\u00bb custom_padding_phone=\u00bb5px||5px|20px|true|false\u00bb custom_padding_last_edited=\u00bbon|phone\u00bb text_font_size_tablet=\u00bb35px\u00bb text_font_size_phone=\u00bb30px\u00bb text_font_size_last_edited=\u00bbon|phone\u00bb text_line_height_tablet=\u00bb26px\u00bb text_line_height_phone=\u00bb40px\u00bb text_line_height_last_edited=\u00bbon|phone\u00bb border_width_left=\u00bb5px\u00bb border_color_left=\u00bbgcid-267b6e70-fe52-4b46-9d3a-15c6de67d3d9&#8243; global_colors_info=\u00bb{%22gcid-267b6e70-fe52-4b46-9d3a-15c6de67d3d9%22:%91%22border_color_left%22,%22border_color_left%22%93}\u00bb]<\/p>\n<p>Laboratorio<\/p>\n<p>[\/et_pb_text][et_pb_text _builder_version=\u00bb4.21.0&#8243; _module_preset=\u00bbdefault\u00bb text_font=\u00bbOpen Sans|700|||||||\u00bb text_text_color=\u00bb#FFFFFF\u00bb text_font_size=\u00bb16px\u00bb text_line_height=\u00bb32px\u00bb custom_margin=\u00bb40px||20px||false|false\u00bb custom_margin_tablet=\u00bb40px||20px||false|false\u00bb custom_margin_phone=\u00bb20px||20px||false|false\u00bb custom_margin_last_edited=\u00bbon|phone\u00bb global_colors_info=\u00bb{}\u00bb]<\/p>\n<p>\u2022 Laboratorio de desarrollo para an\u00e1lisis de prefactibilidad<br \/>\u2022 Laboratorio F\u00edsico &#8211; Qu\u00edmico<br \/>\u2022 An\u00e1lisis de Control.<\/p>\n<p>[\/et_pb_text][\/et_pb_column][\/et_pb_row][\/et_pb_section][et_pb_section fb_built=\u00bb1&#8243; module_id=\u00bblogistica\u00bb _builder_version=\u00bb4.21.0&#8243; _module_preset=\u00bbdefault\u00bb background_enable_color=\u00bboff\u00bb custom_margin=\u00bb||||false|false\u00bb global_colors_info=\u00bb{}\u00bb][et_pb_row _builder_version=\u00bb4.21.0&#8243; _module_preset=\u00bbdefault\u00bb width=\u00bb85%\u00bb max_width=\u00bb100%\u00bb custom_margin=\u00bb||20px||false|false\u00bb custom_padding=\u00bb0px||0px||true|false\u00bb hover_enabled=\u00bb0&#8243; global_colors_info=\u00bb{}\u00bb custom_margin_last_edited=\u00bbon|phone\u00bb custom_margin_phone=\u00bb||10px||false|false\u00bb sticky_enabled=\u00bb0&#8243; custom_margin_tablet=\u00bb||20px||false|false\u00bb][et_pb_column type=\u00bb4_4&#8243; _builder_version=\u00bb4.21.0&#8243; _module_preset=\u00bbdefault\u00bb global_colors_info=\u00bb{}\u00bb][et_pb_text _builder_version=\u00bb4.21.0&#8243; _module_preset=\u00bbdefault\u00bb text_font=\u00bbOpen Sans|700|||||||\u00bb text_text_color=\u00bb#000000&#8243; text_font_size=\u00bb35px\u00bb text_line_height=\u00bb26px\u00bb custom_margin=\u00bb||20px||false|false\u00bb custom_padding=\u00bb10px||10px|20px|true|false\u00bb custom_padding_tablet=\u00bb10px||10px|20px|true|false\u00bb custom_padding_phone=\u00bb5px||5px|20px|true|false\u00bb custom_padding_last_edited=\u00bbon|phone\u00bb hover_enabled=\u00bb0&#8243; text_font_size_tablet=\u00bb35px\u00bb text_font_size_phone=\u00bb30px\u00bb text_font_size_last_edited=\u00bbon|phone\u00bb text_line_height_tablet=\u00bb26px\u00bb text_line_height_phone=\u00bb40px\u00bb text_line_height_last_edited=\u00bbon|phone\u00bb border_width_left=\u00bb5px\u00bb border_color_left=\u00bbgcid-267b6e70-fe52-4b46-9d3a-15c6de67d3d9&#8243; global_colors_info=\u00bb{%22gcid-267b6e70-fe52-4b46-9d3a-15c6de67d3d9%22:%91%22border_color_left%22,%22border_color_left%22%93}\u00bb custom_margin_last_edited=\u00bbon|phone\u00bb custom_margin_phone=\u00bb||0px||false|false\u00bb sticky_enabled=\u00bb0&#8243; custom_margin_tablet=\u00bb||20px||false|false\u00bb]<\/p>\n<p>Log\u00edstica<\/p>\n<p>[\/et_pb_text][\/et_pb_column][\/et_pb_row][et_pb_row column_structure=\u00bb1_2,1_2&#8243; _builder_version=\u00bb4.21.0&#8243; _module_preset=\u00bbdefault\u00bb width=\u00bb85%\u00bb max_width=\u00bb100%\u00bb custom_padding=\u00bb0px||0px||true|false\u00bb global_colors_info=\u00bb{}\u00bb][et_pb_column type=\u00bb1_2&#8243; _builder_version=\u00bb4.21.0&#8243; _module_preset=\u00bbdefault\u00bb global_colors_info=\u00bb{}\u00bb][et_pb_text _builder_version=\u00bb4.21.0&#8243; _module_preset=\u00bbdefault\u00bb text_font=\u00bbOpen Sans|700|||||||\u00bb text_text_color=\u00bb#000000&#8243; text_font_size=\u00bb16px\u00bb text_line_height=\u00bb26px\u00bb custom_margin=\u00bb0px||0px||false|false\u00bb custom_margin_tablet=\u00bb40px||20px||false|false\u00bb custom_margin_phone=\u00bb20px||20px||false|false\u00bb custom_margin_last_edited=\u00bbon|phone\u00bb global_colors_info=\u00bb{}\u00bb]<\/p>\n<p>A lo largo del tiempo demostramos la confiabilidad de nuestra empresa, la exactitud que tienen las soluciones que brindamos y nuestra flexibilidad para adaptarnos a las distintas situaciones que se nos presentan en el d\u00eda a d\u00eda. Estamos comprometidos con obtener la mayor calidad de servicio, para ello empleamos la mejor tecnolog\u00eda ante el desaf\u00edo log\u00edstico.<\/p>\n<p>[\/et_pb_text][et_pb_text _builder_version=\u00bb4.21.0&#8243; _module_preset=\u00bbdefault\u00bb text_font=\u00bbOpen Sans||||||||\u00bb text_text_color=\u00bb#000000&#8243; text_font_size=\u00bb16px\u00bb text_line_height=\u00bb26px\u00bb custom_margin=\u00bb30px||0px||false|false\u00bb custom_margin_tablet=\u00bb30px||||false|false\u00bb custom_margin_phone=\u00bb30px||0px||false|false\u00bb custom_margin_last_edited=\u00bbon|phone\u00bb global_colors_info=\u00bb{}\u00bb]<\/p>\n<p>Actualmente nuestra empresa brinda servicios en toda la Argentina apoy\u00e1ndonos en nuestro equipo de profesionales quienes se encuentran a su disposici\u00f3n para brindarle un servicio de excelencia.<\/p>\n<p>La calidad es nuestra principal ventaja y permanentemente trabajamos para mejorar nuestros est\u00e1ndares, atendiendo los requerimientos y las expectativas del mercado.<\/p>\n<p>[\/et_pb_text][\/et_pb_column][et_pb_column type=\u00bb1_2&#8243; _builder_version=\u00bb4.21.0&#8243; _module_preset=\u00bbdefault\u00bb global_colors_info=\u00bb{}\u00bb][et_pb_text _builder_version=\u00bb4.21.0&#8243; _module_preset=\u00bbdefault\u00bb text_font=\u00bbOpen Sans|500|||||||\u00bb text_text_color=\u00bb#000000&#8243; text_font_size=\u00bb16px\u00bb text_line_height=\u00bb26px\u00bb position_origin_a=\u00bbtop_right\u00bb width=\u00bb100%\u00bb custom_margin=\u00bb0px||20px||false|false\u00bb custom_margin_tablet=\u00bb40px||||false|false\u00bb custom_margin_phone=\u00bb0px||||false|false\u00bb custom_margin_last_edited=\u00bbon|phone\u00bb global_colors_info=\u00bb{}\u00bb]<\/p>\n<p>La gesti\u00f3n de calidad est\u00e1 integrada en todos los procesos del negocio, desde el desarrollo de productos y la puesta en marcha de los mismos.<\/p>\n<p>[\/et_pb_text][et_pb_text _builder_version=\u00bb4.21.0&#8243; _module_preset=\u00bbdefault\u00bb text_font=\u00bbOpen Sans|700|||||||\u00bb text_text_color=\u00bb#000000&#8243; text_font_size=\u00bb16px\u00bb text_line_height=\u00bb26px\u00bb background_color=\u00bbgcid-ca5e0769-9d88-4bf8-852d-8168a9c64fcc\u00bb custom_margin=\u00bb||20px||false|false\u00bb custom_padding=\u00bb20px|20px|20px|20px|true|true\u00bb global_colors_info=\u00bb{%22gcid-ca5e0769-9d88-4bf8-852d-8168a9c64fcc%22:%91%22background_color%22%93}\u00bb]NUESTRA ORGANIZACI\u00d3N EST\u00c1 FUERTEMENTE COMPROMETIDA CON EL MEDIO AMBIENTE; ESTAMOS ABSOLUTAMENTE CONVENCIDOS QUE EL \u00c9XITO EN EL CUIDADO DEL MISMO DEBEMOS CONSTRUIRLO JUNTOS.[\/et_pb_text][et_pb_text _builder_version=\u00bb4.21.0&#8243; _module_preset=\u00bbdefault\u00bb text_font=\u00bbOpen Sans|500|||||||\u00bb text_text_color=\u00bb#000000&#8243; text_font_size=\u00bb16px\u00bb text_line_height=\u00bb26px\u00bb position_origin_a=\u00bbtop_right\u00bb width=\u00bb100%\u00bb custom_margin=\u00bb0px||||false|false\u00bb custom_margin_tablet=\u00bb40px||||false|false\u00bb custom_margin_phone=\u00bb0px||||false|false\u00bb custom_margin_last_edited=\u00bbon|phone\u00bb global_colors_info=\u00bb{}\u00bb]Desarrollamos un sistema para transporte de cargas, logrando a trav\u00e9s del tiempo, transformarlo en un sistema de log\u00edstica solido y flexible a la vez, permiti\u00e9ndonos en la actualidad, desarrollar nuestro trabajo tanto en peque\u00f1as organizaciones como en grandes empresas.[\/et_pb_text][\/et_pb_column][\/et_pb_row][\/et_pb_section][et_pb_section fb_built=\u00bb1&#8243; _builder_version=\u00bb4.21.0&#8243; _module_preset=\u00bbdefault\u00bb custom_padding=\u00bb0px||0px||true|false\u00bb locked=\u00bboff\u00bb global_colors_info=\u00bb{}\u00bb][et_pb_row column_structure=\u00bb1_4,1_4,1_4,1_4&#8243; use_custom_gutter=\u00bbon\u00bb gutter_width=\u00bb1&#8243; make_equal=\u00bbon\u00bb _builder_version=\u00bb4.21.0&#8243; _module_preset=\u00bbdefault\u00bb width=\u00bb100%\u00bb max_width=\u00bb100%\u00bb custom_padding=\u00bb0px||0px||true|false\u00bb global_colors_info=\u00bb{}\u00bb][et_pb_column type=\u00bb1_4&#8243; _builder_version=\u00bb4.21.0&#8243; _module_preset=\u00bbdefault\u00bb global_colors_info=\u00bb{}\u00bb][et_pb_image src=\u00bbhttps:\/\/ing-ambiental.com.ar\/web\/wp-content\/uploads\/planta-06.jpg\u00bb title_text=\u00bbplanta-06&#8243; _builder_version=\u00bb4.21.0&#8243; _module_preset=\u00bbdefault\u00bb global_colors_info=\u00bb{}\u00bb][\/et_pb_image][\/et_pb_column][et_pb_column type=\u00bb1_4&#8243; _builder_version=\u00bb4.21.0&#8243; _module_preset=\u00bbdefault\u00bb global_colors_info=\u00bb{}\u00bb][et_pb_image src=\u00bbhttps:\/\/ing-ambiental.com.ar\/web\/wp-content\/uploads\/reciclar-03.jpg\u00bb _builder_version=\u00bb4.21.0&#8243; _module_preset=\u00bbdefault\u00bb global_colors_info=\u00bb{}\u00bb][\/et_pb_image][\/et_pb_column][et_pb_column type=\u00bb1_4&#8243; _builder_version=\u00bb4.21.0&#8243; _module_preset=\u00bbdefault\u00bb global_colors_info=\u00bb{}\u00bb][et_pb_image src=\u00bbhttps:\/\/ing-ambiental.com.ar\/web\/wp-content\/uploads\/planta-05.jpg\u00bb title_text=\u00bbplanta-05&#8243; _builder_version=\u00bb4.21.0&#8243; _module_preset=\u00bbdefault\u00bb global_colors_info=\u00bb{}\u00bb][\/et_pb_image][\/et_pb_column][et_pb_column type=\u00bb1_4&#8243; _builder_version=\u00bb4.21.0&#8243; _module_preset=\u00bbdefault\u00bb global_colors_info=\u00bb{}\u00bb][et_pb_image src=\u00bbhttps:\/\/ing-ambiental.com.ar\/web\/wp-content\/uploads\/prensa-04.jpg\u00bb _builder_version=\u00bb4.21.0&#8243; _module_preset=\u00bbdefault\u00bb global_colors_info=\u00bb{}\u00bb][\/et_pb_image][\/et_pb_column][\/et_pb_row][\/et_pb_section]<\/p>\n","protected":false},"excerpt":{"rendered":"<p>ServiciosTratamientoLos procesos que se realizan en la planta de INGENIERIA AMBIENTAL S.A., tienden a la recuperaci\u00f3n de cortes de hidrocarburos obtenidos por destilaci\u00f3n al vac\u00edo de los aceites usados. Es decir se vuelven a valorizar dichos cortes, como aceites bases, aptos para la elaboraci\u00f3n de nuevos aceites lubricantes.Los aceites, al ser usados en los motores, [&hellip;]<\/p>\n","protected":false},"author":2,"featured_media":0,"parent":0,"menu_order":0,"comment_status":"closed","ping_status":"closed","template":"","meta":{"_et_pb_use_builder":"on","_et_pb_old_content":"","_et_gb_content_width":"","footnotes":""},"_links":{"self":[{"href":"https:\/\/ing-ambiental.com.ar\/web\/index.php\/wp-json\/wp\/v2\/pages\/241"}],"collection":[{"href":"https:\/\/ing-ambiental.com.ar\/web\/index.php\/wp-json\/wp\/v2\/pages"}],"about":[{"href":"https:\/\/ing-ambiental.com.ar\/web\/index.php\/wp-json\/wp\/v2\/types\/page"}],"author":[{"embeddable":true,"href":"https:\/\/ing-ambiental.com.ar\/web\/index.php\/wp-json\/wp\/v2\/users\/2"}],"replies":[{"embeddable":true,"href":"https:\/\/ing-ambiental.com.ar\/web\/index.php\/wp-json\/wp\/v2\/comments?post=241"}],"version-history":[{"count":13,"href":"https:\/\/ing-ambiental.com.ar\/web\/index.php\/wp-json\/wp\/v2\/pages\/241\/revisions"}],"predecessor-version":[{"id":347,"href":"https:\/\/ing-ambiental.com.ar\/web\/index.php\/wp-json\/wp\/v2\/pages\/241\/revisions\/347"}],"wp:attachment":[{"href":"https:\/\/ing-ambiental.com.ar\/web\/index.php\/wp-json\/wp\/v2\/media?parent=241"}],"curies":[{"name":"wp","href":"https:\/\/api.w.org\/{rel}","templated":true}]}}