{"id":283,"date":"2023-07-20T22:42:04","date_gmt":"2023-07-20T22:42:04","guid":{"rendered":"https:\/\/ing-ambiental.com.ar\/web\/?page_id=283"},"modified":"2023-07-20T22:52:09","modified_gmt":"2023-07-20T22:52:09","slug":"corrientes-de-desechos","status":"publish","type":"page","link":"https:\/\/ing-ambiental.com.ar\/web\/index.php\/corrientes-de-desechos\/","title":{"rendered":"Corrientes de desechos"},"content":{"rendered":"<p>[et_pb_section fb_built=\u00bb1&#8243; custom_padding_last_edited=\u00bbon|phone\u00bb _builder_version=\u00bb4.21.0&#8243; _module_preset=\u00bbdefault\u00bb background_color=\u00bbrgba(0,0,0,0.71)\u00bb background_image=\u00bbhttps:\/\/ing-ambiental.com.ar\/web\/wp-content\/uploads\/slider-03.jpg\u00bb background_blend=\u00bbmultiply\u00bb custom_padding=\u00bb80px||80px||true|false\u00bb custom_padding_tablet=\u00bb80px||80px||true|false\u00bb custom_padding_phone=\u00bb30px||30px||true|false\u00bb global_colors_info=\u00bb{}\u00bb][et_pb_row _builder_version=\u00bb4.21.0&#8243; _module_preset=\u00bbdefault\u00bb width=\u00bb90%\u00bb max_width=\u00bb100%\u00bb global_colors_info=\u00bb{}\u00bb][et_pb_column type=\u00bb4_4&#8243; _builder_version=\u00bb4.21.0&#8243; _module_preset=\u00bbdefault\u00bb global_colors_info=\u00bb{}\u00bb][et_pb_text _builder_version=\u00bb4.21.0&#8243; _module_preset=\u00bbdefault\u00bb text_font=\u00bbOpen Sans|700||on|||||\u00bb text_text_color=\u00bb#FFFFFF\u00bb text_font_size=\u00bb40px\u00bb text_line_height=\u00bb26px\u00bb text_orientation=\u00bbcenter\u00bb custom_margin=\u00bb||||false|false\u00bb custom_padding=\u00bb10px||10px||true|false\u00bb text_font_size_tablet=\u00bb40px\u00bb text_font_size_phone=\u00bb32px\u00bb text_font_size_last_edited=\u00bbon|phone\u00bb border_color_left=\u00bbgcid-267b6e70-fe52-4b46-9d3a-15c6de67d3d9&#8243; global_colors_info=\u00bb{%22gcid-267b6e70-fe52-4b46-9d3a-15c6de67d3d9%22:%91%22border_color_left%22%93}\u00bb]<\/p>\n<p>Nosotros<\/p>\n<p>[\/et_pb_text][\/et_pb_column][\/et_pb_row][\/et_pb_section][et_pb_section fb_built=\u00bb1&#8243; _builder_version=\u00bb4.21.0&#8243; _module_preset=\u00bbdefault\u00bb background_enable_color=\u00bboff\u00bb custom_margin=\u00bb||||false|false\u00bb global_colors_info=\u00bb{}\u00bb][et_pb_row _builder_version=\u00bb4.21.0&#8243; _module_preset=\u00bbdefault\u00bb width=\u00bb85%\u00bb max_width=\u00bb100%\u00bb custom_padding=\u00bb0px||0px||true|false\u00bb global_colors_info=\u00bb{}\u00bb][et_pb_column type=\u00bb4_4&#8243; _builder_version=\u00bb4.21.0&#8243; _module_preset=\u00bbdefault\u00bb global_colors_info=\u00bb{}\u00bb][et_pb_text _builder_version=\u00bb4.21.0&#8243; _module_preset=\u00bbdefault\u00bb text_font=\u00bbOpen Sans|700|||||||\u00bb text_text_color=\u00bb#000000&#8243; text_font_size=\u00bb35px\u00bb text_line_height=\u00bb26px\u00bb custom_margin=\u00bb||20px||false|false\u00bb custom_padding=\u00bb10px||10px|20px|true|false\u00bb custom_padding_tablet=\u00bb10px||10px|20px|true|false\u00bb custom_padding_phone=\u00bb5px||5px|20px|true|false\u00bb custom_padding_last_edited=\u00bbon|phone\u00bb hover_enabled=\u00bb0&#8243; text_font_size_tablet=\u00bb35px\u00bb text_font_size_phone=\u00bb30px\u00bb text_font_size_last_edited=\u00bbon|desktop\u00bb text_line_height_tablet=\u00bb26px\u00bb text_line_height_phone=\u00bb40px\u00bb text_line_height_last_edited=\u00bbon|phone\u00bb border_width_left=\u00bb5px\u00bb border_color_left=\u00bbgcid-267b6e70-fe52-4b46-9d3a-15c6de67d3d9&#8243; global_colors_info=\u00bb{%22gcid-267b6e70-fe52-4b46-9d3a-15c6de67d3d9%22:%91%22border_color_left%22,%22border_color_left%22%93}\u00bb sticky_enabled=\u00bb0&#8243;]<\/p>\n<p>Corrientes de desechos<\/p>\n<p>[\/et_pb_text][et_pb_text _builder_version=\u00bb4.21.0&#8243; _module_preset=\u00bbdefault\u00bb text_font=\u00bbOpen Sans||||||||\u00bb text_text_color=\u00bb#000000&#8243; text_font_size=\u00bb16px\u00bb text_line_height=\u00bb26px\u00bb custom_margin=\u00bb30px||||false|false\u00bb hover_enabled=\u00bb0&#8243; global_colors_info=\u00bb{}\u00bb sticky_enabled=\u00bb0&#8243;]<\/p>\n<p>Nos preocupamos por reducir el impacto ambiental de los residuos peligrosos generados en los procesos industriales, con una adecuada gesti\u00f3n para cada corriente de desecho.<\/p>\n<p>Por la protecci\u00f3n del medio ambiente, para las cuales es imprescindible contar con proveedores id\u00f3neos, que garanticen un nivel adecuado de prestaci\u00f3n, para lograr aumentar el valor agregado de sus productos y\/o servicios y bajar los costos mediante la optimizaci\u00f3n de recursos en su organizaci\u00f3n.<\/p>\n<p><strong>Corrientes de desechos habilitadas<\/strong><\/p>\n<p>[\/et_pb_text][\/et_pb_column][\/et_pb_row][et_pb_row custom_padding_last_edited=\u00bbon|phone\u00bb _builder_version=\u00bb4.21.0&#8243; _module_preset=\u00bbdefault\u00bb background_color=\u00bbrgba(1,137,35,0.22)\u00bb width=\u00bb85%\u00bb max_width=\u00bb100%\u00bb custom_margin=\u00bb40px||0px||false|false\u00bb custom_padding=\u00bb40px|30px|40px|30px|true|true\u00bb custom_padding_tablet=\u00bb30px|30px|20px|30px|false|true\u00bb custom_padding_phone=\u00bb20px|20px|0px|20px|false|true\u00bb hover_enabled=\u00bb0&#8243; global_colors_info=\u00bb{}\u00bb column_structure=\u00bb1_2,1_2&#8243; sticky_enabled=\u00bb0&#8243; use_custom_gutter=\u00bbon\u00bb gutter_width=\u00bb2&#8243;][et_pb_column type=\u00bb1_2&#8243; _builder_version=\u00bb4.21.0&#8243; _module_preset=\u00bbdefault\u00bb global_colors_info=\u00bb{}\u00bb][et_pb_image src=\u00bbhttps:\/\/ing-ambiental.com.ar\/web\/wp-content\/uploads\/corrientes-habilitadas-01.jpg\u00bb _builder_version=\u00bb4.21.0&#8243; _module_preset=\u00bbdefault\u00bb global_colors_info=\u00bb{}\u00bb sticky_enabled=\u00bb0&#8243; show_in_lightbox=\u00bbon\u00bb use_overlay=\u00bbon\u00bb overlay_icon_color=\u00bb#FFFFFF\u00bb hover_overlay_color=\u00bbrgba(0,0,0,0.6)\u00bb hover_icon=\u00bb&#xf002;||fa||900&#8243;][\/et_pb_image][\/et_pb_column][et_pb_column type=\u00bb1_2&#8243; _builder_version=\u00bb4.21.0&#8243; _module_preset=\u00bbdefault\u00bb global_colors_info=\u00bb{}\u00bb][et_pb_image src=\u00bbhttps:\/\/ing-ambiental.com.ar\/web\/wp-content\/uploads\/corrientes-habilitadas-02.jpg\u00bb _builder_version=\u00bb4.21.0&#8243; _module_preset=\u00bbdefault\u00bb hover_enabled=\u00bb0&#8243; global_colors_info=\u00bb{}\u00bb sticky_enabled=\u00bb0&#8243; show_in_lightbox=\u00bbon\u00bb use_overlay=\u00bbon\u00bb overlay_icon_color=\u00bb#FFFFFF\u00bb hover_overlay_color=\u00bbrgba(0,0,0,0.6)\u00bb hover_icon=\u00bb&#xf002;||fa||900&#8243;][\/et_pb_image][\/et_pb_column][\/et_pb_row][\/et_pb_section][et_pb_section fb_built=\u00bb1&#8243; _builder_version=\u00bb4.21.0&#8243; _module_preset=\u00bbdefault\u00bb custom_padding=\u00bb0px||0px||true|false\u00bb global_colors_info=\u00bb{}\u00bb][et_pb_row column_structure=\u00bb1_4,1_4,1_4,1_4&#8243; use_custom_gutter=\u00bbon\u00bb gutter_width=\u00bb1&#8243; make_equal=\u00bbon\u00bb _builder_version=\u00bb4.21.0&#8243; _module_preset=\u00bbdefault\u00bb width=\u00bb100%\u00bb max_width=\u00bb100%\u00bb custom_padding=\u00bb0px||0px||true|false\u00bb global_colors_info=\u00bb{}\u00bb][et_pb_column type=\u00bb1_4&#8243; _builder_version=\u00bb4.21.0&#8243; _module_preset=\u00bbdefault\u00bb global_colors_info=\u00bb{}\u00bb][et_pb_image src=\u00bbhttps:\/\/ing-ambiental.com.ar\/web\/wp-content\/uploads\/corrientes-01.jpg\u00bb _builder_version=\u00bb4.21.0&#8243; _module_preset=\u00bbdefault\u00bb hover_enabled=\u00bb0&#8243; global_colors_info=\u00bb{}\u00bb sticky_enabled=\u00bb0&#8243;][\/et_pb_image][\/et_pb_column][et_pb_column type=\u00bb1_4&#8243; _builder_version=\u00bb4.21.0&#8243; _module_preset=\u00bbdefault\u00bb global_colors_info=\u00bb{}\u00bb][et_pb_image src=\u00bbhttps:\/\/ing-ambiental.com.ar\/web\/wp-content\/uploads\/corrientes-02.jpg\u00bb _builder_version=\u00bb4.21.0&#8243; _module_preset=\u00bbdefault\u00bb hover_enabled=\u00bb0&#8243; global_colors_info=\u00bb{}\u00bb sticky_enabled=\u00bb0&#8243;][\/et_pb_image][\/et_pb_column][et_pb_column type=\u00bb1_4&#8243; _builder_version=\u00bb4.21.0&#8243; _module_preset=\u00bbdefault\u00bb global_colors_info=\u00bb{}\u00bb][et_pb_image src=\u00bbhttps:\/\/ing-ambiental.com.ar\/web\/wp-content\/uploads\/corrientes-03.jpg\u00bb _builder_version=\u00bb4.21.0&#8243; _module_preset=\u00bbdefault\u00bb hover_enabled=\u00bb0&#8243; global_colors_info=\u00bb{}\u00bb sticky_enabled=\u00bb0&#8243;][\/et_pb_image][\/et_pb_column][et_pb_column type=\u00bb1_4&#8243; _builder_version=\u00bb4.21.0&#8243; _module_preset=\u00bbdefault\u00bb global_colors_info=\u00bb{}\u00bb][et_pb_image src=\u00bbhttps:\/\/ing-ambiental.com.ar\/web\/wp-content\/uploads\/corrientes-04.jpg\u00bb _builder_version=\u00bb4.21.0&#8243; _module_preset=\u00bbdefault\u00bb hover_enabled=\u00bb0&#8243; global_colors_info=\u00bb{}\u00bb sticky_enabled=\u00bb0&#8243;][\/et_pb_image][\/et_pb_column][\/et_pb_row][\/et_pb_section]<\/p>\n","protected":false},"excerpt":{"rendered":"<p>NosotrosCorrientes de desechosNos preocupamos por reducir el impacto ambiental de los residuos peligrosos generados en los procesos industriales, con una adecuada gesti\u00f3n para cada corriente de desecho. Por la protecci\u00f3n del medio ambiente, para las cuales es imprescindible contar con proveedores id\u00f3neos, que garanticen un nivel adecuado de prestaci\u00f3n, para lograr aumentar el valor agregado [&hellip;]<\/p>\n","protected":false},"author":2,"featured_media":0,"parent":0,"menu_order":0,"comment_status":"closed","ping_status":"closed","template":"","meta":{"_et_pb_use_builder":"on","_et_pb_old_content":"","_et_gb_content_width":"","footnotes":""},"_links":{"self":[{"href":"https:\/\/ing-ambiental.com.ar\/web\/index.php\/wp-json\/wp\/v2\/pages\/283"}],"collection":[{"href":"https:\/\/ing-ambiental.com.ar\/web\/index.php\/wp-json\/wp\/v2\/pages"}],"about":[{"href":"https:\/\/ing-ambiental.com.ar\/web\/index.php\/wp-json\/wp\/v2\/types\/page"}],"author":[{"embeddable":true,"href":"https:\/\/ing-ambiental.com.ar\/web\/index.php\/wp-json\/wp\/v2\/users\/2"}],"replies":[{"embeddable":true,"href":"https:\/\/ing-ambiental.com.ar\/web\/index.php\/wp-json\/wp\/v2\/comments?post=283"}],"version-history":[{"count":6,"href":"https:\/\/ing-ambiental.com.ar\/web\/index.php\/wp-json\/wp\/v2\/pages\/283\/revisions"}],"predecessor-version":[{"id":300,"href":"https:\/\/ing-ambiental.com.ar\/web\/index.php\/wp-json\/wp\/v2\/pages\/283\/revisions\/300"}],"wp:attachment":[{"href":"https:\/\/ing-ambiental.com.ar\/web\/index.php\/wp-json\/wp\/v2\/media?parent=283"}],"curies":[{"name":"wp","href":"https:\/\/api.w.org\/{rel}","templated":true}]}}